{"id":127,"date":"2025-05-22T12:08:20","date_gmt":"2025-05-22T10:08:20","guid":{"rendered":"https:\/\/asclepiostech.com\/?page_id=127"},"modified":"2026-02-25T17:11:11","modified_gmt":"2026-02-25T16:11:11","slug":"produit-1","status":"publish","type":"page","link":"https:\/\/asclepiostech.com\/index.php\/projects\/produit-1\/","title":{"rendered":"(R\u00e9)g\u00e9n\u00e9ration Fruits"},"content":{"rendered":"\n<h1 class=\"wp-block-heading\">(R\u00e9)g\u00e9n\u00e9ration Fruit<\/h1>\n\n\n\n<h3 class=\"wp-block-heading\">Re-imagining the apple value chain, from orchard to table (2023 \u2013 2028)<\/h3>\n\n\n\n<figure class=\"wp-block-image size-full is-resized has-custom-border\"><img loading=\"lazy\" decoding=\"async\" width=\"279\" height=\"94\" src=\"https:\/\/asclepiostech.com\/wp-content\/uploads\/2025\/05\/regeneration-fruits-logotype.webp\" alt=\"\" class=\"wp-image-209\" style=\"border-radius:30px;aspect-ratio:2.968460111317254;width:232px;height:auto\"\/><\/figure>\n\n\n\n<figure class=\"wp-block-image size-medium is-resized has-custom-border\"><img loading=\"lazy\" decoding=\"async\" width=\"300\" height=\"139\" src=\"https:\/\/asclepiostech.com\/wp-content\/uploads\/2025\/05\/f035e5eb1ff6bbc7bef5a5dce4f8b051-300x139.webp\" alt=\"\" class=\"wp-image-210\" style=\"border-radius:30px;aspect-ratio:2.1584532635557494;width:150px;height:auto\" srcset=\"https:\/\/asclepiostech.com\/wp-content\/uploads\/2025\/05\/f035e5eb1ff6bbc7bef5a5dce4f8b051-300x139.webp 300w, https:\/\/asclepiostech.com\/wp-content\/uploads\/2025\/05\/f035e5eb1ff6bbc7bef5a5dce4f8b051-1024x476.webp 1024w, https:\/\/asclepiostech.com\/wp-content\/uploads\/2025\/05\/f035e5eb1ff6bbc7bef5a5dce4f8b051-768x357.webp 768w, https:\/\/asclepiostech.com\/wp-content\/uploads\/2025\/05\/f035e5eb1ff6bbc7bef5a5dce4f8b051-1536x713.webp 1536w, https:\/\/asclepiostech.com\/wp-content\/uploads\/2025\/05\/f035e5eb1ff6bbc7bef5a5dce4f8b051-2048x951.webp 2048w\" sizes=\"auto, (max-width: 300px) 100vw, 300px\" \/><\/figure>\n\n\n\n<p>Regeneration Fruit is a \u20ac12 million France 2030 flagship led by <strong>Blue Whale<\/strong><br>and five deep-tech partners.<br>Its mission: <em>halve crop losses and pesticide use while doubling fruit nutritional density<\/em><br>across 3 000 ha of French orchards. <\/p>\n\n\n\n<ul class=\"wp-block-list\">\n<li><strong>Duration<\/strong> Sep 2023 \u2192 Aug 2028 <\/li>\n\n\n\n<li><strong>Budget<\/strong> \u20ac 12.1 M (\u20ac 8.2 M BPIFrance grant)<\/li>\n\n\n\n<li><strong>Coordinator<\/strong> Blue Whale (Montauban)<\/li>\n\n\n\n<li><strong>Partners<\/strong> Micropep \u00b7 Asclepios Tech \u00b7 INRAE \u00b7 Purpan \u00b7 Maf Roda <\/li>\n<\/ul>\n\n\n\n<h2 class=\"wp-block-heading\">Why (R\u00e9)g\u00e9n\u00e9ration Fruit matters<\/h2>\n\n\n\n<ol class=\"wp-block-list\">\n<li><strong>-50 % food losses<\/strong> in orchard <strong>and<\/strong> packing station<\/li>\n\n\n\n<li><strong>-50 % chemical inputs<\/strong> through non-thermal alternatives<\/li>\n\n\n\n<li><strong>+200 % nutrient compounds<\/strong> in finished fruit <\/li>\n<\/ol>\n\n\n\n<p>These tangible targets answer three urgent challenges: farmer profitability, consumer health, and climate resilience.<\/p>\n\n\n\n<h2 class=\"wp-block-heading\">Get involved<\/h2>\n\n\n\n<p>Curious about  <br><a href=\"https:\/\/www.regenerationfruit.com\/\"><strong>Learn more about (R\u00e9)g\u00e9n\u00e9ration Fruit<\/strong> <\/a><\/p>\n","protected":false},"excerpt":{"rendered":"<p>(R\u00e9)g\u00e9n\u00e9ration Fruit Re-imagining the apple value chain, from orchard to table (2023 \u2013 2028) Regeneration Fruit is a \u20ac12 million [&hellip;]<\/p>\n","protected":false},"author":1,"featured_media":0,"parent":42,"menu_order":0,"comment_status":"closed","ping_status":"closed","template":"","meta":{"site-sidebar-layout":"default","site-content-layout":"","ast-site-content-layout":"","site-content-style":"default","site-sidebar-style":"default","ast-global-header-display":"","ast-banner-title-visibility":"","ast-main-header-display":"","ast-hfb-above-header-display":"","ast-hfb-below-header-display":"","ast-hfb-mobile-header-display":"","site-post-title":"disabled","ast-breadcrumbs-content":"","ast-featured-img":"","footer-sml-layout":"","theme-transparent-header-meta":"","adv-header-id-meta":"","stick-header-meta":"","header-above-stick-meta":"","header-main-stick-meta":"","header-below-stick-meta":"","astra-migrate-meta-layouts":"default","ast-page-background-enabled":"default","ast-page-background-meta":{"desktop":{"background-color":"var(--ast-global-color-5)","background-image":"","background-repeat":"repeat","background-position":"center center","background-size":"auto","background-attachment":"scroll","background-type":"","background-media":"","overlay-type":"","overlay-color":"","overlay-opacity":"","overlay-gradient":""},"tablet":{"background-color":"","background-image":"","background-repeat":"repeat","background-position":"center center","background-size":"auto","background-attachment":"scroll","background-type":"","background-media":"","overlay-type":"","overlay-color":"","overlay-opacity":"","overlay-gradient":""},"mobile":{"background-color":"","background-image":"","background-repeat":"repeat","background-position":"center center","background-size":"auto","background-attachment":"scroll","background-type":"","background-media":"","overlay-type":"","overlay-color":"","overlay-opacity":"","overlay-gradient":""}},"ast-content-background-meta":{"desktop":{"background-color":"var(--ast-global-color-4)","background-image":"","background-repeat":"repeat","background-position":"center center","background-size":"auto","background-attachment":"scroll","background-type":"","background-media":"","overlay-type":"","overlay-color":"","overlay-opacity":"","overlay-gradient":""},"tablet":{"background-color":"var(--ast-global-color-4)","background-image":"","background-repeat":"repeat","background-position":"center center","background-size":"auto","background-attachment":"scroll","background-type":"","background-media":"","overlay-type":"","overlay-color":"","overlay-opacity":"","overlay-gradient":""},"mobile":{"background-color":"var(--ast-global-color-4)","background-image":"","background-repeat":"repeat","background-position":"center center","background-size":"auto","background-attachment":"scroll","background-type":"","background-media":"","overlay-type":"","overlay-color":"","overlay-opacity":"","overlay-gradient":""}},"footnotes":""},"class_list":["post-127","page","type-page","status-publish","hentry"],"_links":{"self":[{"href":"https:\/\/asclepiostech.com\/index.php\/wp-json\/wp\/v2\/pages\/127","targetHints":{"allow":["GET"]}}],"collection":[{"href":"https:\/\/asclepiostech.com\/index.php\/wp-json\/wp\/v2\/pages"}],"about":[{"href":"https:\/\/asclepiostech.com\/index.php\/wp-json\/wp\/v2\/types\/page"}],"author":[{"embeddable":true,"href":"https:\/\/asclepiostech.com\/index.php\/wp-json\/wp\/v2\/users\/1"}],"replies":[{"embeddable":true,"href":"https:\/\/asclepiostech.com\/index.php\/wp-json\/wp\/v2\/comments?post=127"}],"version-history":[{"count":12,"href":"https:\/\/asclepiostech.com\/index.php\/wp-json\/wp\/v2\/pages\/127\/revisions"}],"predecessor-version":[{"id":278,"href":"https:\/\/asclepiostech.com\/index.php\/wp-json\/wp\/v2\/pages\/127\/revisions\/278"}],"up":[{"embeddable":true,"href":"https:\/\/asclepiostech.com\/index.php\/wp-json\/wp\/v2\/pages\/42"}],"wp:attachment":[{"href":"https:\/\/asclepiostech.com\/index.php\/wp-json\/wp\/v2\/media?parent=127"}],"curies":[{"name":"wp","href":"https:\/\/api.w.org\/{rel}","templated":true}]}}